{"id":2200,"date":"2017-01-24T14:06:10","date_gmt":"2017-01-24T13:06:10","guid":{"rendered":"https:\/\/www.putzerhof.it\/ferienwohnungen\/"},"modified":"2017-03-22T10:55:01","modified_gmt":"2017-03-22T09:55:01","slug":"appartamenti-per-le-vacanze","status":"publish","type":"page","link":"https:\/\/www.putzerhof.it\/it\/appartamenti-per-le-vacanze\/","title":{"rendered":"Appartamenti per le vacanze"},"content":{"rendered":"<p>Ecco una panoramica dei nostri appartamenti. Trova il rifugio per le tue prossime vacanze scegliendo quello pi\u00f9 adatto alle tue esigenze. Ti attendono giornate molto varie, a contatto con gli animali, i cordiali gestori del maso e tanta aria fresca di montagna.<\/p>\n<p>In autunno e in inverno, nei periodi di bassa stagione, quando le giornate si fanno pi\u00f9 corte e le serate pi\u00f9 lunghe, quando fuori le temperature scendono e dentro \u00e8 bello accoccolarsi al calduccio, inizia il periodo pi\u00f9 romantico dell&#8217;anno per le coppie di innamorati, la stagione ideale per trascorrere un&#8217;indimenticabile vacanza a due nel nostro Maso Putzerhof.<\/p>\n","protected":false},"excerpt":{"rendered":"<p>Ecco una panoramica dei nostri appartamenti. Trova il rifugio per le tue prossime vacanze scegliendo quello pi\u00f9 adatto alle tue esigenze. Ti attendono giornate molto varie, a contatto con gli [&hellip;]<\/p>\n","protected":false},"author":1,"featured_media":0,"parent":0,"menu_order":0,"comment_status":"closed","ping_status":"closed","template":"template-ferienwohnungen.php","meta":{"_acf_changed":false,"footnotes":""},"class_list":["post-2200","page","type-page","status-publish","hentry"],"acf":[],"yoast_head":"<!-- This site is optimized with the Yoast SEO plugin v24.2 - https:\/\/yoast.com\/wordpress\/plugins\/seo\/ -->\n<title>Appartamenti vacanza al Maso Putzerhof nelle magnifiche Dolomiti, in Valle Isarco, Alto Adige<\/title>\n<meta name=\"description\" content=\"Appartamenti vacanze sulle Dolomiti. I nostri cinque nuovi appartamenti, comodi e spaziosi, incontrano anche i gusti pi\u00f9 esigenti. Prenota subito!\" \/>\n<meta name=\"robots\" content=\"index, follow, max-snippet:-1, max-image-preview:large, max-video-preview:-1\" \/>\n<link rel=\"canonical\" href=\"https:\/\/www.putzerhof.it\/it\/appartamenti-per-le-vacanze\/\" \/>\n<meta property=\"og:locale\" content=\"it_IT\" \/>\n<meta property=\"og:type\" content=\"article\" \/>\n<meta property=\"og:title\" content=\"Appartamenti vacanza al Maso Putzerhof nelle magnifiche Dolomiti, in Valle Isarco, Alto Adige\" \/>\n<meta property=\"og:description\" content=\"Appartamenti vacanze sulle Dolomiti. I nostri cinque nuovi appartamenti, comodi e spaziosi, incontrano anche i gusti pi\u00f9 esigenti. Prenota subito!\" \/>\n<meta property=\"og:url\" content=\"https:\/\/www.putzerhof.it\/it\/appartamenti-per-le-vacanze\/\" \/>\n<meta property=\"og:site_name\" content=\"Putzerhof\" \/>\n<meta property=\"article:modified_time\" content=\"2017-03-22T09:55:01+00:00\" \/>\n<meta name=\"twitter:card\" content=\"summary_large_image\" \/>\n<script type=\"application\/ld+json\" class=\"yoast-schema-graph\">{\"@context\":\"https:\/\/schema.org\",\"@graph\":[{\"@type\":\"WebPage\",\"@id\":\"https:\/\/www.putzerhof.it\/it\/appartamenti-per-le-vacanze\/\",\"url\":\"https:\/\/www.putzerhof.it\/it\/appartamenti-per-le-vacanze\/\",\"name\":\"Appartamenti vacanza al Maso Putzerhof nelle magnifiche Dolomiti, in Valle Isarco, Alto Adige\",\"isPartOf\":{\"@id\":\"https:\/\/www.putzerhof.it\/#website\"},\"datePublished\":\"2017-01-24T13:06:10+00:00\",\"dateModified\":\"2017-03-22T09:55:01+00:00\",\"description\":\"Appartamenti vacanze sulle Dolomiti. I nostri cinque nuovi appartamenti, comodi e spaziosi, incontrano anche i gusti pi\u00f9 esigenti. Prenota subito!\",\"breadcrumb\":{\"@id\":\"https:\/\/www.putzerhof.it\/it\/appartamenti-per-le-vacanze\/#breadcrumb\"},\"inLanguage\":\"it-IT\",\"potentialAction\":[{\"@type\":\"ReadAction\",\"target\":[\"https:\/\/www.putzerhof.it\/it\/appartamenti-per-le-vacanze\/\"]}]},{\"@type\":\"BreadcrumbList\",\"@id\":\"https:\/\/www.putzerhof.it\/it\/appartamenti-per-le-vacanze\/#breadcrumb\",\"itemListElement\":[{\"@type\":\"ListItem\",\"position\":1,\"name\":\"Startseite\",\"item\":\"https:\/\/www.putzerhof.it\/it\/\"},{\"@type\":\"ListItem\",\"position\":2,\"name\":\"Appartamenti per le vacanze\"}]},{\"@type\":\"WebSite\",\"@id\":\"https:\/\/www.putzerhof.it\/#website\",\"url\":\"https:\/\/www.putzerhof.it\/\",\"name\":\"Putzerhof\",\"description\":\"Urlaub in Teis\",\"potentialAction\":[{\"@type\":\"SearchAction\",\"target\":{\"@type\":\"EntryPoint\",\"urlTemplate\":\"https:\/\/www.putzerhof.it\/?s={search_term_string}\"},\"query-input\":{\"@type\":\"PropertyValueSpecification\",\"valueRequired\":true,\"valueName\":\"search_term_string\"}}],\"inLanguage\":\"it-IT\"}]}<\/script>\n<!-- \/ Yoast SEO plugin. -->","yoast_head_json":{"title":"Appartamenti vacanza al Maso Putzerhof nelle magnifiche Dolomiti, in Valle Isarco, Alto Adige","description":"Appartamenti vacanze sulle Dolomiti. I nostri cinque nuovi appartamenti, comodi e spaziosi, incontrano anche i gusti pi\u00f9 esigenti. Prenota subito!","robots":{"index":"index","follow":"follow","max-snippet":"max-snippet:-1","max-image-preview":"max-image-preview:large","max-video-preview":"max-video-preview:-1"},"canonical":"https:\/\/www.putzerhof.it\/it\/appartamenti-per-le-vacanze\/","og_locale":"it_IT","og_type":"article","og_title":"Appartamenti vacanza al Maso Putzerhof nelle magnifiche Dolomiti, in Valle Isarco, Alto Adige","og_description":"Appartamenti vacanze sulle Dolomiti. I nostri cinque nuovi appartamenti, comodi e spaziosi, incontrano anche i gusti pi\u00f9 esigenti. Prenota subito!","og_url":"https:\/\/www.putzerhof.it\/it\/appartamenti-per-le-vacanze\/","og_site_name":"Putzerhof","article_modified_time":"2017-03-22T09:55:01+00:00","twitter_card":"summary_large_image","schema":{"@context":"https:\/\/schema.org","@graph":[{"@type":"WebPage","@id":"https:\/\/www.putzerhof.it\/it\/appartamenti-per-le-vacanze\/","url":"https:\/\/www.putzerhof.it\/it\/appartamenti-per-le-vacanze\/","name":"Appartamenti vacanza al Maso Putzerhof nelle magnifiche Dolomiti, in Valle Isarco, Alto Adige","isPartOf":{"@id":"https:\/\/www.putzerhof.it\/#website"},"datePublished":"2017-01-24T13:06:10+00:00","dateModified":"2017-03-22T09:55:01+00:00","description":"Appartamenti vacanze sulle Dolomiti. I nostri cinque nuovi appartamenti, comodi e spaziosi, incontrano anche i gusti pi\u00f9 esigenti. Prenota subito!","breadcrumb":{"@id":"https:\/\/www.putzerhof.it\/it\/appartamenti-per-le-vacanze\/#breadcrumb"},"inLanguage":"it-IT","potentialAction":[{"@type":"ReadAction","target":["https:\/\/www.putzerhof.it\/it\/appartamenti-per-le-vacanze\/"]}]},{"@type":"BreadcrumbList","@id":"https:\/\/www.putzerhof.it\/it\/appartamenti-per-le-vacanze\/#breadcrumb","itemListElement":[{"@type":"ListItem","position":1,"name":"Startseite","item":"https:\/\/www.putzerhof.it\/it\/"},{"@type":"ListItem","position":2,"name":"Appartamenti per le vacanze"}]},{"@type":"WebSite","@id":"https:\/\/www.putzerhof.it\/#website","url":"https:\/\/www.putzerhof.it\/","name":"Putzerhof","description":"Urlaub in Teis","potentialAction":[{"@type":"SearchAction","target":{"@type":"EntryPoint","urlTemplate":"https:\/\/www.putzerhof.it\/?s={search_term_string}"},"query-input":{"@type":"PropertyValueSpecification","valueRequired":true,"valueName":"search_term_string"}}],"inLanguage":"it-IT"}]}},"_links":{"self":[{"href":"https:\/\/www.putzerhof.it\/it\/wp-json\/wp\/v2\/pages\/2200","targetHints":{"allow":["GET"]}}],"collection":[{"href":"https:\/\/www.putzerhof.it\/it\/wp-json\/wp\/v2\/pages"}],"about":[{"href":"https:\/\/www.putzerhof.it\/it\/wp-json\/wp\/v2\/types\/page"}],"author":[{"embeddable":true,"href":"https:\/\/www.putzerhof.it\/it\/wp-json\/wp\/v2\/users\/1"}],"replies":[{"embeddable":true,"href":"https:\/\/www.putzerhof.it\/it\/wp-json\/wp\/v2\/comments?post=2200"}],"version-history":[{"count":1,"href":"https:\/\/www.putzerhof.it\/it\/wp-json\/wp\/v2\/pages\/2200\/revisions"}],"predecessor-version":[{"id":2201,"href":"https:\/\/www.putzerhof.it\/it\/wp-json\/wp\/v2\/pages\/2200\/revisions\/2201"}],"wp:attachment":[{"href":"https:\/\/www.putzerhof.it\/it\/wp-json\/wp\/v2\/media?parent=2200"}],"curies":[{"name":"wp","href":"https:\/\/api.w.org\/{rel}","templated":true}]}}